{"id":3,"date":"2025-05-15T12:19:43","date_gmt":"2025-05-15T12:19:43","guid":{"rendered":"https:\/\/www.colorgrow-city.at\/site\/?page_id=3"},"modified":"2025-06-25T08:29:45","modified_gmt":"2025-06-25T08:29:45","slug":"privacy-policy","status":"publish","type":"page","link":"https:\/\/www.colorgrow-city.at\/site\/privacy-policy\/","title":{"rendered":"Impressum \/ Datenschutz"},"content":{"rendered":"\r\n<div id=\"c1527\" class=\"relative prose max-w-none frame frame-default frame-type-text frame-layout-0\">\r\n<h2 class=\"wp-block-heading\">Impressum<\/h2>\r\n<p>Mario Hubinger<br \/>Wulzendorfstr. 77\/Block B\/1<br \/>1220 Wien<\/p>\r\n<p>Info unter: <br \/><a href=\"https:\/\/firmen.wko.at\/mario-hubinger\/wien\/?firmaid=7b33d808-27e2-446c-b472-7f64e82e96da\"><img data-recalc-dims=\"1\" loading=\"lazy\" decoding=\"async\" class=\"alignnone size-full wp-image-27\" src=\"https:\/\/i0.wp.com\/www.colorgrow-city.at\/site\/wp-content\/uploads\/2025\/06\/ecg-1.gif?resize=169%2C23&#038;ssl=1\" alt=\"\" width=\"169\" height=\"23\" \/><\/a><\/p>\r\n<h2>Logfiles<\/h2>\r\n<p>Unser Server speichern automatisch Log Files, die Ihr Browser unserem Server automatisch je nach Einstellung weitergibt.<\/p>\r\n<p>\u2022Browsertyp, Version, Operating System, Referrer, Uhrzeit, Hostname\u00a0<\/p>\r\n<p>Diese Daten sind nicht ohne Hinzuziehung anderer Datenquellen Personen zuzuordnen.<br \/>Eine Zusammenf\u00fchrung dieser Daten mit anderen Datenquellen wird von uns nicht vorgenommen, es wird kein Profiling betrieben und die erhobenen Daten werden nach statistischer Auswertung entfernt.<\/p>\r\n<h2>Web-Analyse<\/h2>\r\n<p>Unsere Website verwendet Funktionen des Webanalysedienstes Google Analytics, einen Webanalysedienst der Google Inc. (\u201eGoogle\u201c). Dazu werden Cookies verwendet, die eine Analyse der Benutzung der Website durch Ihre Benutzer erm\u00f6glicht. Die dadurch erzeugten Informationen werden auf den Server des Anbieters \u00fcbertragen und dort gespeichert.<\/p>\r\n<p>Sie k\u00f6nnen dies verhindern, indem Sie Ihren Browser so einrichten, dass keine Cookies gespeichert werden.<\/p>\r\n<p>Wir haben mit dem Anbieter einen entsprechenden Vertrag zur Auftragsdatenverarbeitung abgeschlossen.<\/p>\r\n<p>Ihre IP-Adresse wird erfasst, aber umgehend (z.B. durch L\u00f6schung der letzten 8 Bit) pseudonymisiert. Dadurch ist nur mehr eine grobe Lokalisierung m\u00f6glich.<\/p>\r\n<p>Die Beziehung zum Webanalyseanbieter basiert auf einem Angemessenheitsbeschluss der Europ\u00e4ischen Komission (\u201ePrivacy Shield\u201c).<\/p>\r\n<p>Die Datenverarbeitung erfolgt auf Basis der gesetzlichen Bestimmungen des \u00a7 96 Abs 3 TKG sowie des Art 6 Abs 1 lit a (Einwilligung) und\/oder f (berechtigtes Interesse) der DSGVO.<\/p>\r\n<p>Unser Anliegen im Sinne der DSGVO (berechtigtes Interesse) ist die Verbesserung unseres Angebotes und unseres Webauftritts. Da uns die Privatsph\u00e4re unserer Nutzer wichtig ist, werden die Nutzerdaten pseudonymisiert<\/p>\r\n<p>Die Nutzerdaten werden f\u00fcr die Dauer von 14 Monaten aufbewahrt.<\/p>\r\n<p>Sie k\u00f6nnen die Erfassung durch Google Analytics verhindern, indem Sie auf folgenden Link klicken. Es wird ein Opt-Out-Cookie gesetzt, der die zuk\u00fcnftige Erfassung Ihrer Daten beim Besuch dieser Website verhindert:<\/p>\r\n<\/div>\r\n<div id=\"c1526\" class=\"relative prose max-w-none frame frame-default frame-type-text frame-layout-0\">\r\n<p>Der Schutz Ihrer pers\u00f6nlichen Daten ist uns ein besonderes Anliegen. Wir verarbeiten Ihre Daten daher ausschlie\u00dflich auf Grundlage der gesetzlichen Bestimmungen (DSGVO). In diesen Datenschutzinformationen informieren wir Sie \u00fcber die wichtigsten Aspekte der Datenverarbeitung im Rahmen unserer Website.<\/p>\r\n<p>Als Verantwortlicher im Sinne der DSGVO gilt f\u00fcr folgende Standorte:<\/p>\r\n<h2>Kontakt mit uns<\/h2>\r\n<p>Wenn Sie per Formular auf der Website oder per E-Mail Kontakt mit uns aufnehmen, werden Ihre angegebenen Daten zwecks Bearbeitung der Anfrage und f\u00fcr den Fall von Anschlussfragen sechs Monate bei uns gespeichert. Diese Daten geben wir nicht ohne Ihre Einwilligung weiter<\/p>\r\n<h3>Kontaktformular<\/h3>\r\n<p>Deine pers\u00f6nlichen Daten (Name, Vorname, E-Mail, Telefonnummer) und zus\u00e4tzlich erhobene Daten (gew\u00fcnschte F\u00fchrerscheinklassen und Wunschstandort) werden von uns zur Kontaktaufnahme verarbeitet und gespeichert. Sollte es zu keinem Vertragsabschluss kommen, werden diese Daten nach sechs (6) Monaten wieder gel\u00f6scht. Deine Daten werden nur an deinen Wunschstandort weitergegeben, nicht aber an au\u00dfenstehende Dritte. Die Datenverarbeitung erfolgt auf Basis der gesetzlichen Bestimmungen des Art 6 Abs 1 lit a (Einwilligung) und\/oder f (berechtigtes Interesse) der DSGVO. Grundlage der Verarbeitung ist die Gesch\u00e4ftsanbahnung mit dir. Du hast das Recht, deine Daten jederzeit (sofern nicht gesetzliche Behaltefristen entgegenstehen) unter office@colorgrow-city.at\u00a0l\u00f6schen zu lassen.<\/p>\r\n<h2>Rechte<\/h2>\r\n<p>Ihnen stehen grunds\u00e4tzlich die Rechte auf Auskunft, Berichtigung, L\u00f6schung, Einschr\u00e4nkung, Daten\u00fcbertragbarkeit, Widerruf und Widerspruch zu. Wenn Sie glauben, dass die Verarbeitung Ihrer Daten gegen das Datenschutzrecht verst\u00f6\u00dft oder Ihre datenschutzrechtlichen Anspr\u00fcche sonst in einer Weise verletzt worden sind, k\u00f6nnen Sie sich bei der Aufsichtsbeh\u00f6rde beschweren. In \u00d6sterreich ist dies die Datenschutzbeh\u00f6rde.<\/p>\r\n<h2>Cookies<\/h2>\r\n<p>Unsere Website verwendet so genannte Cookies. Dabei handelt es sich um kleine Textdateien, die mit Hilfe des Browsers auf Ihrem Endger\u00e4t abgelegt werden. Sie richten keinen Schaden an.<\/p>\r\n<p>Wir nutzen Cookies dazu, unser Angebot nutzerfreundlich zu gestalten. Einige Cookies bleiben auf Ihrem Endger\u00e4t gespeichert, bis Sie diese l\u00f6schen. Sie erm\u00f6glichen es uns, Ihren Browser beim n\u00e4chsten Besuch wiederzuerkennen.<\/p>\r\n<p>Wenn Sie dies nicht w\u00fcnschen, so k\u00f6nnen Sie Ihren Browser so einrichten, dass er Sie \u00fcber das Setzen von Cookies informiert und Sie dies nur im Einzelfall erlauben.<\/p>\r\n<p>Bei der Deaktivierung von Cookies kann die Funktionalit\u00e4t unserer Website eingeschr\u00e4nkt sein.<\/p>\r\n<\/div>","protected":false},"excerpt":{"rendered":"<p>Impressum Mario HubingerWulzendorfstr. 77\/Block B\/11220 Wien Info unter: Logfiles Unser Server speichern automatisch Log Files, die Ihr Browser unserem Server automatisch je nach Einstellung weitergibt. \u2022Browsertyp, Version, Operating System, Referrer, Uhrzeit, Hostname\u00a0 Diese Daten sind nicht ohne Hinzuziehung anderer Datenquellen Personen zuzuordnen.Eine Zusammenf\u00fchrung dieser Daten mit anderen Datenquellen wird von uns nicht vorgenommen, es wird&hellip;&nbsp;<a href=\"https:\/\/www.colorgrow-city.at\/site\/privacy-policy\/\" rel=\"bookmark\"><span class=\"screen-reader-text\">Impressum \/ Datenschutz<\/span><\/a><\/p>\n","protected":false},"author":1,"featured_media":0,"parent":0,"menu_order":0,"comment_status":"closed","ping_status":"open","template":"","meta":{"neve_meta_sidebar":"","neve_meta_container":"","neve_meta_enable_content_width":"","neve_meta_content_width":0,"neve_meta_title_alignment":"","neve_meta_author_avatar":"","neve_post_elements_order":"","neve_meta_disable_header":"","neve_meta_disable_footer":"","neve_meta_disable_title":"","neve_meta_reading_time":"","_themeisle_gutenberg_block_has_review":false,"footnotes":""},"class_list":["post-3","page","type-page","status-publish","hentry"],"yoast_head":"<!-- This site is optimized with the Yoast SEO plugin v26.0 - https:\/\/yoast.com\/wordpress\/plugins\/seo\/ -->\n<title>Impressum \/ Datenschutz - Colorgrow-city<\/title>\n<meta name=\"robots\" content=\"index, follow, max-snippet:-1, max-image-preview:large, max-video-preview:-1\" \/>\n<link rel=\"canonical\" href=\"https:\/\/www.colorgrow-city.at\/site\/privacy-policy\/\" \/>\n<meta property=\"og:locale\" content=\"de_DE\" \/>\n<meta property=\"og:type\" content=\"article\" \/>\n<meta property=\"og:title\" content=\"Impressum \/ Datenschutz - Colorgrow-city\" \/>\n<meta property=\"og:description\" content=\"Impressum Mario HubingerWulzendorfstr. 77\/Block B\/11220 Wien Info unter: Logfiles Unser Server speichern automatisch Log Files, die Ihr Browser unserem Server automatisch je nach Einstellung weitergibt. \u2022Browsertyp, Version, Operating System, Referrer, Uhrzeit, Hostname\u00a0 Diese Daten sind nicht ohne Hinzuziehung anderer Datenquellen Personen zuzuordnen.Eine Zusammenf\u00fchrung dieser Daten mit anderen Datenquellen wird von uns nicht vorgenommen, es wird&hellip;&nbsp;Impressum \/ Datenschutz\" \/>\n<meta property=\"og:url\" content=\"https:\/\/www.colorgrow-city.at\/site\/privacy-policy\/\" \/>\n<meta property=\"og:site_name\" content=\"Colorgrow-city\" \/>\n<meta property=\"article:modified_time\" content=\"2025-06-25T08:29:45+00:00\" \/>\n<meta property=\"og:image\" content=\"https:\/\/www.colorgrow-city.at\/site\/wp-content\/uploads\/2025\/06\/ecg-1.gif\" \/>\n<meta name=\"twitter:card\" content=\"summary_large_image\" \/>\n<meta name=\"twitter:label1\" content=\"Gesch\u00e4tzte Lesezeit\" \/>\n\t<meta name=\"twitter:data1\" content=\"3\u00a0Minuten\" \/>\n<script type=\"application\/ld+json\" class=\"yoast-schema-graph\">{\"@context\":\"https:\/\/schema.org\",\"@graph\":[{\"@type\":\"WebPage\",\"@id\":\"https:\/\/www.colorgrow-city.at\/site\/privacy-policy\/\",\"url\":\"https:\/\/www.colorgrow-city.at\/site\/privacy-policy\/\",\"name\":\"Impressum \/ Datenschutz - Colorgrow-city\",\"isPartOf\":{\"@id\":\"https:\/\/www.colorgrow-city.at\/site\/#website\"},\"primaryImageOfPage\":{\"@id\":\"https:\/\/www.colorgrow-city.at\/site\/privacy-policy\/#primaryimage\"},\"image\":{\"@id\":\"https:\/\/www.colorgrow-city.at\/site\/privacy-policy\/#primaryimage\"},\"thumbnailUrl\":\"https:\/\/www.colorgrow-city.at\/site\/wp-content\/uploads\/2025\/06\/ecg-1.gif\",\"datePublished\":\"2025-05-15T12:19:43+00:00\",\"dateModified\":\"2025-06-25T08:29:45+00:00\",\"breadcrumb\":{\"@id\":\"https:\/\/www.colorgrow-city.at\/site\/privacy-policy\/#breadcrumb\"},\"inLanguage\":\"de\",\"potentialAction\":[{\"@type\":\"ReadAction\",\"target\":[\"https:\/\/www.colorgrow-city.at\/site\/privacy-policy\/\"]}]},{\"@type\":\"ImageObject\",\"inLanguage\":\"de\",\"@id\":\"https:\/\/www.colorgrow-city.at\/site\/privacy-policy\/#primaryimage\",\"url\":\"https:\/\/i0.wp.com\/www.colorgrow-city.at\/site\/wp-content\/uploads\/2025\/06\/ecg-1.gif?fit=169%2C23&ssl=1\",\"contentUrl\":\"https:\/\/i0.wp.com\/www.colorgrow-city.at\/site\/wp-content\/uploads\/2025\/06\/ecg-1.gif?fit=169%2C23&ssl=1\",\"width\":169,\"height\":23},{\"@type\":\"BreadcrumbList\",\"@id\":\"https:\/\/www.colorgrow-city.at\/site\/privacy-policy\/#breadcrumb\",\"itemListElement\":[{\"@type\":\"ListItem\",\"position\":1,\"name\":\"Startseite\",\"item\":\"https:\/\/www.colorgrow-city.at\/site\/\"},{\"@type\":\"ListItem\",\"position\":2,\"name\":\"Impressum \/ Datenschutz\"}]},{\"@type\":\"WebSite\",\"@id\":\"https:\/\/www.colorgrow-city.at\/site\/#website\",\"url\":\"https:\/\/www.colorgrow-city.at\/site\/\",\"name\":\"Colorgrow-city\",\"description\":\"Kreative Kindergeburtstage, Malkurse &amp; Mehr!\",\"publisher\":{\"@id\":\"https:\/\/www.colorgrow-city.at\/site\/#organization\"},\"potentialAction\":[{\"@type\":\"SearchAction\",\"target\":{\"@type\":\"EntryPoint\",\"urlTemplate\":\"https:\/\/www.colorgrow-city.at\/site\/?s={search_term_string}\"},\"query-input\":{\"@type\":\"PropertyValueSpecification\",\"valueRequired\":true,\"valueName\":\"search_term_string\"}}],\"inLanguage\":\"de\"},{\"@type\":\"Organization\",\"@id\":\"https:\/\/www.colorgrow-city.at\/site\/#organization\",\"name\":\"Colorgrow-city\",\"url\":\"https:\/\/www.colorgrow-city.at\/site\/\",\"logo\":{\"@type\":\"ImageObject\",\"inLanguage\":\"de\",\"@id\":\"https:\/\/www.colorgrow-city.at\/site\/#\/schema\/logo\/image\/\",\"url\":\"https:\/\/i0.wp.com\/www.colorgrow-city.at\/site\/wp-content\/uploads\/2025\/06\/Colowgrow_Transparent_BG-scaled.png?fit=2560%2C721&ssl=1\",\"contentUrl\":\"https:\/\/i0.wp.com\/www.colorgrow-city.at\/site\/wp-content\/uploads\/2025\/06\/Colowgrow_Transparent_BG-scaled.png?fit=2560%2C721&ssl=1\",\"width\":2560,\"height\":721,\"caption\":\"Colorgrow-city\"},\"image\":{\"@id\":\"https:\/\/www.colorgrow-city.at\/site\/#\/schema\/logo\/image\/\"}}]}<\/script>\n<!-- \/ Yoast SEO plugin. -->","yoast_head_json":{"title":"Impressum \/ Datenschutz - Colorgrow-city","robots":{"index":"index","follow":"follow","max-snippet":"max-snippet:-1","max-image-preview":"max-image-preview:large","max-video-preview":"max-video-preview:-1"},"canonical":"https:\/\/www.colorgrow-city.at\/site\/privacy-policy\/","og_locale":"de_DE","og_type":"article","og_title":"Impressum \/ Datenschutz - Colorgrow-city","og_description":"Impressum Mario HubingerWulzendorfstr. 77\/Block B\/11220 Wien Info unter: Logfiles Unser Server speichern automatisch Log Files, die Ihr Browser unserem Server automatisch je nach Einstellung weitergibt. \u2022Browsertyp, Version, Operating System, Referrer, Uhrzeit, Hostname\u00a0 Diese Daten sind nicht ohne Hinzuziehung anderer Datenquellen Personen zuzuordnen.Eine Zusammenf\u00fchrung dieser Daten mit anderen Datenquellen wird von uns nicht vorgenommen, es wird&hellip;&nbsp;Impressum \/ Datenschutz","og_url":"https:\/\/www.colorgrow-city.at\/site\/privacy-policy\/","og_site_name":"Colorgrow-city","article_modified_time":"2025-06-25T08:29:45+00:00","og_image":[{"url":"https:\/\/www.colorgrow-city.at\/site\/wp-content\/uploads\/2025\/06\/ecg-1.gif","type":"","width":"","height":""}],"twitter_card":"summary_large_image","twitter_misc":{"Gesch\u00e4tzte Lesezeit":"3\u00a0Minuten"},"schema":{"@context":"https:\/\/schema.org","@graph":[{"@type":"WebPage","@id":"https:\/\/www.colorgrow-city.at\/site\/privacy-policy\/","url":"https:\/\/www.colorgrow-city.at\/site\/privacy-policy\/","name":"Impressum \/ Datenschutz - Colorgrow-city","isPartOf":{"@id":"https:\/\/www.colorgrow-city.at\/site\/#website"},"primaryImageOfPage":{"@id":"https:\/\/www.colorgrow-city.at\/site\/privacy-policy\/#primaryimage"},"image":{"@id":"https:\/\/www.colorgrow-city.at\/site\/privacy-policy\/#primaryimage"},"thumbnailUrl":"https:\/\/www.colorgrow-city.at\/site\/wp-content\/uploads\/2025\/06\/ecg-1.gif","datePublished":"2025-05-15T12:19:43+00:00","dateModified":"2025-06-25T08:29:45+00:00","breadcrumb":{"@id":"https:\/\/www.colorgrow-city.at\/site\/privacy-policy\/#breadcrumb"},"inLanguage":"de","potentialAction":[{"@type":"ReadAction","target":["https:\/\/www.colorgrow-city.at\/site\/privacy-policy\/"]}]},{"@type":"ImageObject","inLanguage":"de","@id":"https:\/\/www.colorgrow-city.at\/site\/privacy-policy\/#primaryimage","url":"https:\/\/i0.wp.com\/www.colorgrow-city.at\/site\/wp-content\/uploads\/2025\/06\/ecg-1.gif?fit=169%2C23&ssl=1","contentUrl":"https:\/\/i0.wp.com\/www.colorgrow-city.at\/site\/wp-content\/uploads\/2025\/06\/ecg-1.gif?fit=169%2C23&ssl=1","width":169,"height":23},{"@type":"BreadcrumbList","@id":"https:\/\/www.colorgrow-city.at\/site\/privacy-policy\/#breadcrumb","itemListElement":[{"@type":"ListItem","position":1,"name":"Startseite","item":"https:\/\/www.colorgrow-city.at\/site\/"},{"@type":"ListItem","position":2,"name":"Impressum \/ Datenschutz"}]},{"@type":"WebSite","@id":"https:\/\/www.colorgrow-city.at\/site\/#website","url":"https:\/\/www.colorgrow-city.at\/site\/","name":"Colorgrow-city","description":"Kreative Kindergeburtstage, Malkurse &amp; Mehr!","publisher":{"@id":"https:\/\/www.colorgrow-city.at\/site\/#organization"},"potentialAction":[{"@type":"SearchAction","target":{"@type":"EntryPoint","urlTemplate":"https:\/\/www.colorgrow-city.at\/site\/?s={search_term_string}"},"query-input":{"@type":"PropertyValueSpecification","valueRequired":true,"valueName":"search_term_string"}}],"inLanguage":"de"},{"@type":"Organization","@id":"https:\/\/www.colorgrow-city.at\/site\/#organization","name":"Colorgrow-city","url":"https:\/\/www.colorgrow-city.at\/site\/","logo":{"@type":"ImageObject","inLanguage":"de","@id":"https:\/\/www.colorgrow-city.at\/site\/#\/schema\/logo\/image\/","url":"https:\/\/i0.wp.com\/www.colorgrow-city.at\/site\/wp-content\/uploads\/2025\/06\/Colowgrow_Transparent_BG-scaled.png?fit=2560%2C721&ssl=1","contentUrl":"https:\/\/i0.wp.com\/www.colorgrow-city.at\/site\/wp-content\/uploads\/2025\/06\/Colowgrow_Transparent_BG-scaled.png?fit=2560%2C721&ssl=1","width":2560,"height":721,"caption":"Colorgrow-city"},"image":{"@id":"https:\/\/www.colorgrow-city.at\/site\/#\/schema\/logo\/image\/"}}]}},"jetpack_sharing_enabled":true,"jetpack-related-posts":[],"jetpack_shortlink":"https:\/\/wp.me\/PgQaG6-3","_links":{"self":[{"href":"https:\/\/www.colorgrow-city.at\/site\/wp-json\/wp\/v2\/pages\/3","targetHints":{"allow":["GET"]}}],"collection":[{"href":"https:\/\/www.colorgrow-city.at\/site\/wp-json\/wp\/v2\/pages"}],"about":[{"href":"https:\/\/www.colorgrow-city.at\/site\/wp-json\/wp\/v2\/types\/page"}],"author":[{"embeddable":true,"href":"https:\/\/www.colorgrow-city.at\/site\/wp-json\/wp\/v2\/users\/1"}],"replies":[{"embeddable":true,"href":"https:\/\/www.colorgrow-city.at\/site\/wp-json\/wp\/v2\/comments?post=3"}],"version-history":[{"count":1,"href":"https:\/\/www.colorgrow-city.at\/site\/wp-json\/wp\/v2\/pages\/3\/revisions"}],"predecessor-version":[{"id":28,"href":"https:\/\/www.colorgrow-city.at\/site\/wp-json\/wp\/v2\/pages\/3\/revisions\/28"}],"wp:attachment":[{"href":"https:\/\/www.colorgrow-city.at\/site\/wp-json\/wp\/v2\/media?parent=3"}],"curies":[{"name":"wp","href":"https:\/\/api.w.org\/{rel}","templated":true}]}}